{"id":1168,"date":"2022-05-02T15:08:41","date_gmt":"2022-05-02T15:08:41","guid":{"rendered":"https:\/\/tanchiasso.ch\/news\/"},"modified":"2023-02-22T15:55:58","modified_gmt":"2023-02-22T15:55:58","slug":"news","status":"publish","type":"page","link":"https:\/\/tanchiasso.ch\/fr\/news\/","title":{"rendered":"News"},"content":{"rendered":"\t\t<div data-elementor-type=\"wp-page\" data-elementor-id=\"1168\" class=\"elementor elementor-1168 elementor-29\" data-elementor-post-type=\"page\">\n\t\t\t\t\t\t<section class=\"elementor-section elementor-top-section elementor-element elementor-element-d7c76b5 elementor-section-full_width elementor-section-height-min-height elementor-section-items-stretch elementor-section-height-default\" data-id=\"d7c76b5\" data-element_type=\"section\" data-e-type=\"section\" data-settings=\"{&quot;motion_fx_motion_fx_scrolling&quot;:&quot;yes&quot;,&quot;motion_fx_translateY_effect&quot;:&quot;yes&quot;,&quot;motion_fx_translateY_direction&quot;:&quot;negative&quot;,&quot;motion_fx_translateY_speed&quot;:{&quot;unit&quot;:&quot;px&quot;,&quot;size&quot;:&quot;1.5&quot;,&quot;sizes&quot;:[]},&quot;motion_fx_translateY_affectedRange&quot;:{&quot;unit&quot;:&quot;%&quot;,&quot;size&quot;:&quot;&quot;,&quot;sizes&quot;:{&quot;start&quot;:&quot;0&quot;,&quot;end&quot;:&quot;50&quot;}},&quot;motion_fx_devices&quot;:[&quot;desktop&quot;]}\">\n\t\t\t\t\t\t<div class=\"elementor-container elementor-column-gap-default\">\n\t\t\t\t\t<div class=\"elementor-column elementor-col-100 elementor-top-column elementor-element elementor-element-a757093\" data-id=\"a757093\" data-element_type=\"column\" data-e-type=\"column\">\n\t\t\t<div class=\"elementor-widget-wrap elementor-element-populated\">\n\t\t\t\t\t\t<div class=\"elementor-element elementor-element-056deae elementor-widget elementor-widget-heading\" data-id=\"056deae\" data-element_type=\"widget\" data-e-type=\"widget\" data-widget_type=\"heading.default\">\n\t\t\t\t<div class=\"elementor-widget-container\">\n\t\t\t\t\t<p class=\"elementor-heading-title elementor-size-default\"> Actualit\u00e9s<br><b>et informations<\/b><\/p>\t\t\t\t<\/div>\n\t\t\t\t<\/div>\n\t\t\t\t\t<\/div>\n\t\t<\/div>\n\t\t\t\t\t<\/div>\n\t\t<\/section>\n\t\t\t\t<section class=\"elementor-section elementor-top-section elementor-element elementor-element-972d025 elementor-section-boxed elementor-section-height-default elementor-section-height-default\" data-id=\"972d025\" data-element_type=\"section\" data-e-type=\"section\">\n\t\t\t\t\t\t<div class=\"elementor-container elementor-column-gap-default\">\n\t\t\t\t\t<div class=\"elementor-column elementor-col-100 elementor-top-column elementor-element elementor-element-991f5ee\" data-id=\"991f5ee\" data-element_type=\"column\" data-e-type=\"column\">\n\t\t\t<div class=\"elementor-widget-wrap elementor-element-populated\">\n\t\t\t\t\t\t<div class=\"elementor-element elementor-element-a976aa0 elementor-posts--align-center elementor-posts__hover-none elementor-grid-3 elementor-grid-tablet-2 elementor-grid-mobile-1 elementor-posts--thumbnail-top elementor-card-shadow-yes elementor-widget elementor-widget-posts\" data-id=\"a976aa0\" data-element_type=\"widget\" data-e-type=\"widget\" data-settings=\"{&quot;cards_row_gap&quot;:{&quot;unit&quot;:&quot;px&quot;,&quot;size&quot;:&quot;50&quot;,&quot;sizes&quot;:[]},&quot;cards_columns&quot;:&quot;3&quot;,&quot;cards_columns_tablet&quot;:&quot;2&quot;,&quot;cards_columns_mobile&quot;:&quot;1&quot;,&quot;cards_row_gap_widescreen&quot;:{&quot;unit&quot;:&quot;px&quot;,&quot;size&quot;:&quot;&quot;,&quot;sizes&quot;:[]},&quot;cards_row_gap_tablet&quot;:{&quot;unit&quot;:&quot;px&quot;,&quot;size&quot;:&quot;&quot;,&quot;sizes&quot;:[]},&quot;cards_row_gap_mobile&quot;:{&quot;unit&quot;:&quot;px&quot;,&quot;size&quot;:&quot;&quot;,&quot;sizes&quot;:[]}}\" data-widget_type=\"posts.cards\">\n\t\t\t\t<div class=\"elementor-widget-container\">\n\t\t\t\t\t\t\t<div class=\"elementor-posts-container elementor-posts elementor-posts--skin-cards elementor-grid\" role=\"list\">\n\t\t\t\t<article class=\"elementor-post elementor-grid-item post-1327 post type-post status-publish format-standard has-post-thumbnail hentry category-news-fr tag-montres tag-private-label-fr tag-swiss-made-fr\" role=\"listitem\">\n\t\t\t<div class=\"elementor-post__card\">\n\t\t\t\t<a class=\"elementor-post__thumbnail__link\" href=\"https:\/\/tanchiasso.ch\/fr\/bracelets-interchangeables-montres-personnalisees\/\" tabindex=\"-1\" ><div class=\"elementor-post__thumbnail\"><img fetchpriority=\"high\" decoding=\"async\" width=\"1917\" height=\"1275\" src=\"https:\/\/tanchiasso.ch\/wp-content\/uploads\/2023\/05\/bracelets-interchangeables.jpeg\" class=\"attachment-full size-full wp-image-1329\" alt=\"Des bracelets interchangeables et des montres personnalis\u00e9es pour s\u2019adapter \u00e0 toutes les occasions\" srcset=\"https:\/\/tanchiasso.ch\/wp-content\/uploads\/2023\/05\/bracelets-interchangeables.jpeg 1917w, https:\/\/tanchiasso.ch\/wp-content\/uploads\/2023\/05\/bracelets-interchangeables-300x200.jpeg 300w, https:\/\/tanchiasso.ch\/wp-content\/uploads\/2023\/05\/bracelets-interchangeables-1024x681.jpeg 1024w, https:\/\/tanchiasso.ch\/wp-content\/uploads\/2023\/05\/bracelets-interchangeables-768x511.jpeg 768w, https:\/\/tanchiasso.ch\/wp-content\/uploads\/2023\/05\/bracelets-interchangeables-1536x1022.jpeg 1536w\" sizes=\"(max-width: 1917px) 100vw, 1917px\" \/><\/div><\/a>\n\t\t\t\t<div class=\"elementor-post__text\">\n\t\t\t\t<p class=\"elementor-post__title\">\n\t\t\t<a href=\"https:\/\/tanchiasso.ch\/fr\/bracelets-interchangeables-montres-personnalisees\/\" >\n\t\t\t\tDes bracelets interchangeables et des montres personnalis\u00e9es pour s\u2019adapter \u00e0 toutes les occasions\t\t\t<\/a>\n\t\t<\/p>\n\t\t\n\t\t<a class=\"elementor-post__read-more\" href=\"https:\/\/tanchiasso.ch\/fr\/bracelets-interchangeables-montres-personnalisees\/\" aria-label=\"En savoir plus sur Des bracelets interchangeables et des montres personnalis\u00e9es pour s\u2019adapter \u00e0 toutes les occasions\" tabindex=\"-1\" >\n\t\t\t Tout lire\t\t<\/a>\n\n\t\t\t\t<\/div>\n\t\t\t\t\t<\/div>\n\t\t<\/article>\n\t\t\t\t<article class=\"elementor-post elementor-grid-item post-1261 post type-post status-publish format-standard has-post-thumbnail hentry category-news-fr tag-private-label-fr tag-swiss-made-fr\" role=\"listitem\">\n\t\t\t<div class=\"elementor-post__card\">\n\t\t\t\t<a class=\"elementor-post__thumbnail__link\" href=\"https:\/\/tanchiasso.ch\/fr\/montres-swiss-made-lexcellence-de-la-montre-suisse\/\" tabindex=\"-1\" ><div class=\"elementor-post__thumbnail\"><img decoding=\"async\" width=\"1200\" height=\"799\" src=\"https:\/\/tanchiasso.ch\/wp-content\/uploads\/2023\/03\/montre-swiss-made-haute-qualite.jpeg\" class=\"attachment-full size-full wp-image-1580\" alt=\"Montre Swiss Made de haute qualit\u00e9 en vue rapproch\u00e9e\" srcset=\"https:\/\/tanchiasso.ch\/wp-content\/uploads\/2023\/03\/montre-swiss-made-haute-qualite.jpeg 1200w, https:\/\/tanchiasso.ch\/wp-content\/uploads\/2023\/03\/montre-swiss-made-haute-qualite-300x200.jpeg 300w, https:\/\/tanchiasso.ch\/wp-content\/uploads\/2023\/03\/montre-swiss-made-haute-qualite-1024x682.jpeg 1024w, https:\/\/tanchiasso.ch\/wp-content\/uploads\/2023\/03\/montre-swiss-made-haute-qualite-768x511.jpeg 768w\" sizes=\"(max-width: 1200px) 100vw, 1200px\" \/><\/div><\/a>\n\t\t\t\t<div class=\"elementor-post__text\">\n\t\t\t\t<p class=\"elementor-post__title\">\n\t\t\t<a href=\"https:\/\/tanchiasso.ch\/fr\/montres-swiss-made-lexcellence-de-la-montre-suisse\/\" >\n\t\t\t\tMontres Swiss Made: l\u2019excellence de la montre suisse\t\t\t<\/a>\n\t\t<\/p>\n\t\t\n\t\t<a class=\"elementor-post__read-more\" href=\"https:\/\/tanchiasso.ch\/fr\/montres-swiss-made-lexcellence-de-la-montre-suisse\/\" aria-label=\"En savoir plus sur Montres Swiss Made: l\u2019excellence de la montre suisse\" tabindex=\"-1\" >\n\t\t\t Tout lire\t\t<\/a>\n\n\t\t\t\t<\/div>\n\t\t\t\t\t<\/div>\n\t\t<\/article>\n\t\t\t\t<article class=\"elementor-post elementor-grid-item post-1205 post type-post status-publish format-standard has-post-thumbnail hentry category-news-fr tag-eco-friendly tag-montres tag-private-label-fr\" role=\"listitem\">\n\t\t\t<div class=\"elementor-post__card\">\n\t\t\t\t<a class=\"elementor-post__thumbnail__link\" href=\"https:\/\/tanchiasso.ch\/fr\/montres-eco-friendly-la-durabilite-dans-lhorlogerie\/\" tabindex=\"-1\" ><div class=\"elementor-post__thumbnail\"><img decoding=\"async\" width=\"2500\" height=\"1667\" src=\"https:\/\/tanchiasso.ch\/wp-content\/uploads\/2023\/02\/Orologi-sostenibili-2.jpeg\" class=\"attachment-full size-full wp-image-1230\" alt=\"Montres eco-friendly\" srcset=\"https:\/\/tanchiasso.ch\/wp-content\/uploads\/2023\/02\/Orologi-sostenibili-2.jpeg 2500w, https:\/\/tanchiasso.ch\/wp-content\/uploads\/2023\/02\/Orologi-sostenibili-2-300x200.jpeg 300w, https:\/\/tanchiasso.ch\/wp-content\/uploads\/2023\/02\/Orologi-sostenibili-2-1024x683.jpeg 1024w, https:\/\/tanchiasso.ch\/wp-content\/uploads\/2023\/02\/Orologi-sostenibili-2-768x512.jpeg 768w, https:\/\/tanchiasso.ch\/wp-content\/uploads\/2023\/02\/Orologi-sostenibili-2-1536x1024.jpeg 1536w, https:\/\/tanchiasso.ch\/wp-content\/uploads\/2023\/02\/Orologi-sostenibili-2-2048x1366.jpeg 2048w\" sizes=\"(max-width: 2500px) 100vw, 2500px\" \/><\/div><\/a>\n\t\t\t\t<div class=\"elementor-post__text\">\n\t\t\t\t<p class=\"elementor-post__title\">\n\t\t\t<a href=\"https:\/\/tanchiasso.ch\/fr\/montres-eco-friendly-la-durabilite-dans-lhorlogerie\/\" >\n\t\t\t\tMontres eco-friendly et montres durables: quand l\u2019horlogerie s\u2019engage pour l\u2019environnement\t\t\t<\/a>\n\t\t<\/p>\n\t\t\n\t\t<a class=\"elementor-post__read-more\" href=\"https:\/\/tanchiasso.ch\/fr\/montres-eco-friendly-la-durabilite-dans-lhorlogerie\/\" aria-label=\"En savoir plus sur Montres eco-friendly et montres durables: quand l\u2019horlogerie s\u2019engage pour l\u2019environnement\" tabindex=\"-1\" >\n\t\t\t Tout lire\t\t<\/a>\n\n\t\t\t\t<\/div>\n\t\t\t\t\t<\/div>\n\t\t<\/article>\n\t\t\t\t<article class=\"elementor-post elementor-grid-item post-1181 post type-post status-publish format-standard has-post-thumbnail hentry category-news category-non-classifiee tag-orologio\" role=\"listitem\">\n\t\t\t<div class=\"elementor-post__card\">\n\t\t\t\t<a class=\"elementor-post__thumbnail__link\" href=\"https:\/\/tanchiasso.ch\/fr\/montres-promotionnelles-personnalisees\/\" tabindex=\"-1\" ><div class=\"elementor-post__thumbnail\"><img loading=\"lazy\" decoding=\"async\" width=\"1609\" height=\"1000\" src=\"https:\/\/tanchiasso.ch\/wp-content\/uploads\/2022\/05\/TAN-SA-3.jpg\" class=\"attachment-full size-full wp-image-634\" alt=\"orologio-promozionale-personalizzato\" srcset=\"https:\/\/tanchiasso.ch\/wp-content\/uploads\/2022\/05\/TAN-SA-3.jpg 1609w, https:\/\/tanchiasso.ch\/wp-content\/uploads\/2022\/05\/TAN-SA-3-300x186.jpg 300w, https:\/\/tanchiasso.ch\/wp-content\/uploads\/2022\/05\/TAN-SA-3-1024x636.jpg 1024w, https:\/\/tanchiasso.ch\/wp-content\/uploads\/2022\/05\/TAN-SA-3-768x477.jpg 768w, https:\/\/tanchiasso.ch\/wp-content\/uploads\/2022\/05\/TAN-SA-3-1536x955.jpg 1536w\" sizes=\"(max-width: 1609px) 100vw, 1609px\" \/><\/div><\/a>\n\t\t\t\t<div class=\"elementor-post__text\">\n\t\t\t\t<p class=\"elementor-post__title\">\n\t\t\t<a href=\"https:\/\/tanchiasso.ch\/fr\/montres-promotionnelles-personnalisees\/\" >\n\t\t\t\tMontres promotionnelles personnalis\u00e9es\t\t\t<\/a>\n\t\t<\/p>\n\t\t\n\t\t<a class=\"elementor-post__read-more\" href=\"https:\/\/tanchiasso.ch\/fr\/montres-promotionnelles-personnalisees\/\" aria-label=\"En savoir plus sur Montres promotionnelles personnalis\u00e9es\" tabindex=\"-1\" >\n\t\t\t Tout lire\t\t<\/a>\n\n\t\t\t\t<\/div>\n\t\t\t\t\t<\/div>\n\t\t<\/article>\n\t\t\t\t<article class=\"elementor-post elementor-grid-item post-1173 post type-post status-publish format-standard has-post-thumbnail hentry category-news category-non-classifiee tag-private-label\" role=\"listitem\">\n\t\t\t<div class=\"elementor-post__card\">\n\t\t\t\t<a class=\"elementor-post__thumbnail__link\" href=\"https:\/\/tanchiasso.ch\/fr\/comment-realiser-une-ligne-de-montre-private-label\/\" tabindex=\"-1\" ><div class=\"elementor-post__thumbnail\"><img loading=\"lazy\" decoding=\"async\" width=\"1510\" height=\"1000\" src=\"https:\/\/tanchiasso.ch\/wp-content\/uploads\/2022\/05\/TAN-SA-2.jpg\" class=\"attachment-full size-full wp-image-631\" alt=\"Come-creare-linea-orologi-private-label\" srcset=\"https:\/\/tanchiasso.ch\/wp-content\/uploads\/2022\/05\/TAN-SA-2.jpg 1510w, https:\/\/tanchiasso.ch\/wp-content\/uploads\/2022\/05\/TAN-SA-2-300x199.jpg 300w, https:\/\/tanchiasso.ch\/wp-content\/uploads\/2022\/05\/TAN-SA-2-1024x678.jpg 1024w, https:\/\/tanchiasso.ch\/wp-content\/uploads\/2022\/05\/TAN-SA-2-768x509.jpg 768w\" sizes=\"(max-width: 1510px) 100vw, 1510px\" \/><\/div><\/a>\n\t\t\t\t<div class=\"elementor-post__text\">\n\t\t\t\t<p class=\"elementor-post__title\">\n\t\t\t<a href=\"https:\/\/tanchiasso.ch\/fr\/comment-realiser-une-ligne-de-montre-private-label\/\" >\n\t\t\t\tComment r\u00e9aliser une ligne de montre private label\t\t\t<\/a>\n\t\t<\/p>\n\t\t\n\t\t<a class=\"elementor-post__read-more\" href=\"https:\/\/tanchiasso.ch\/fr\/comment-realiser-une-ligne-de-montre-private-label\/\" aria-label=\"En savoir plus sur Comment r\u00e9aliser une ligne de montre private label\" tabindex=\"-1\" >\n\t\t\t Tout lire\t\t<\/a>\n\n\t\t\t\t<\/div>\n\t\t\t\t\t<\/div>\n\t\t<\/article>\n\t\t\t\t<article class=\"elementor-post elementor-grid-item post-1170 post type-post status-publish format-standard has-post-thumbnail hentry category-news category-non-classifiee tag-orologio\" role=\"listitem\">\n\t\t\t<div class=\"elementor-post__card\">\n\t\t\t\t<a class=\"elementor-post__thumbnail__link\" href=\"https:\/\/tanchiasso.ch\/fr\/fonctionnement-dune-montre\/\" tabindex=\"-1\" ><div class=\"elementor-post__thumbnail\"><img loading=\"lazy\" decoding=\"async\" width=\"714\" height=\"1000\" src=\"https:\/\/tanchiasso.ch\/wp-content\/uploads\/2022\/05\/TAN-SA.jpg\" class=\"attachment-full size-full wp-image-635\" alt=\"movimento-orologio-meccanico-automatico\" srcset=\"https:\/\/tanchiasso.ch\/wp-content\/uploads\/2022\/05\/TAN-SA.jpg 714w, https:\/\/tanchiasso.ch\/wp-content\/uploads\/2022\/05\/TAN-SA-214x300.jpg 214w\" sizes=\"(max-width: 714px) 100vw, 714px\" \/><\/div><\/a>\n\t\t\t\t<div class=\"elementor-post__text\">\n\t\t\t\t<p class=\"elementor-post__title\">\n\t\t\t<a href=\"https:\/\/tanchiasso.ch\/fr\/fonctionnement-dune-montre\/\" >\n\t\t\t\tFonctionnement d&rsquo;une montre\t\t\t<\/a>\n\t\t<\/p>\n\t\t\n\t\t<a class=\"elementor-post__read-more\" href=\"https:\/\/tanchiasso.ch\/fr\/fonctionnement-dune-montre\/\" aria-label=\"En savoir plus sur Fonctionnement d&rsquo;une montre\" tabindex=\"-1\" >\n\t\t\t Tout lire\t\t<\/a>\n\n\t\t\t\t<\/div>\n\t\t\t\t\t<\/div>\n\t\t<\/article>\n\t\t\t\t<\/div>\n\t\t\n\t\t\t\t\t\t<\/div>\n\t\t\t\t<\/div>\n\t\t\t\t\t<\/div>\n\t\t<\/div>\n\t\t\t\t\t<\/div>\n\t\t<\/section>\n\t\t\t\t<\/div>\n\t\t","protected":false},"excerpt":{"rendered":"<p>Actualit\u00e9set informations<\/p>\n","protected":false},"author":4,"featured_media":631,"parent":0,"menu_order":0,"comment_status":"closed","ping_status":"closed","template":"","meta":{"footnotes":""},"class_list":["post-1168","page","type-page","status-publish","has-post-thumbnail","hentry"],"yoast_head":"<!-- This site is optimized with the Yoast SEO plugin v27.4 - https:\/\/yoast.com\/product\/yoast-seo-wordpress\/ -->\n<title>News | TAN SA<\/title>\n<meta name=\"description\" content=\"Actualit\u00e9s et aper\u00e7us de l&#039;art horloger. Des montres avec mouvement m\u00e9canique suisse aux montres promotionnelles personnalis\u00e9es.\" \/>\n<meta name=\"robots\" content=\"index, follow, max-snippet:-1, max-image-preview:large, max-video-preview:-1\" \/>\n<link rel=\"canonical\" href=\"https:\/\/tanchiasso.ch\/fr\/news\/\" \/>\n<meta property=\"og:locale\" content=\"fr_FR\" \/>\n<meta property=\"og:type\" content=\"article\" \/>\n<meta property=\"og:title\" content=\"News | TAN SA\" \/>\n<meta property=\"og:description\" content=\"Actualit\u00e9s et aper\u00e7us de l&#039;art horloger. Des montres avec mouvement m\u00e9canique suisse aux montres promotionnelles personnalis\u00e9es.\" \/>\n<meta property=\"og:url\" content=\"https:\/\/tanchiasso.ch\/fr\/news\/\" \/>\n<meta property=\"og:site_name\" content=\"Tan SA\" \/>\n<meta property=\"article:modified_time\" content=\"2023-02-22T15:55:58+00:00\" \/>\n<meta property=\"og:image\" content=\"https:\/\/tanchiasso.ch\/wp-content\/uploads\/2022\/05\/TAN-SA-2.jpg\" \/>\n\t<meta property=\"og:image:width\" content=\"1510\" \/>\n\t<meta property=\"og:image:height\" content=\"1000\" \/>\n\t<meta property=\"og:image:type\" content=\"image\/jpeg\" \/>\n<meta name=\"twitter:card\" content=\"summary_large_image\" \/>\n<meta name=\"twitter:label1\" content=\"Dur\u00e9e de lecture estim\u00e9e\" \/>\n\t<meta name=\"twitter:data1\" content=\"2 minutes\" \/>\n<script type=\"application\/ld+json\" class=\"yoast-schema-graph\">{\"@context\":\"https:\\\/\\\/schema.org\",\"@graph\":[{\"@type\":\"WebPage\",\"@id\":\"https:\\\/\\\/tanchiasso.ch\\\/fr\\\/news\\\/\",\"url\":\"https:\\\/\\\/tanchiasso.ch\\\/fr\\\/news\\\/\",\"name\":\"News | TAN SA\",\"isPartOf\":{\"@id\":\"https:\\\/\\\/tanchiasso.ch\\\/fr\\\/#website\"},\"primaryImageOfPage\":{\"@id\":\"https:\\\/\\\/tanchiasso.ch\\\/fr\\\/news\\\/#primaryimage\"},\"image\":{\"@id\":\"https:\\\/\\\/tanchiasso.ch\\\/fr\\\/news\\\/#primaryimage\"},\"thumbnailUrl\":\"https:\\\/\\\/tanchiasso.ch\\\/wp-content\\\/uploads\\\/2022\\\/05\\\/TAN-SA-2.jpg\",\"datePublished\":\"2022-05-02T15:08:41+00:00\",\"dateModified\":\"2023-02-22T15:55:58+00:00\",\"description\":\"Actualit\u00e9s et aper\u00e7us de l'art horloger. Des montres avec mouvement m\u00e9canique suisse aux montres promotionnelles personnalis\u00e9es.\",\"breadcrumb\":{\"@id\":\"https:\\\/\\\/tanchiasso.ch\\\/fr\\\/news\\\/#breadcrumb\"},\"inLanguage\":\"fr-FR\",\"potentialAction\":[{\"@type\":\"ReadAction\",\"target\":[\"https:\\\/\\\/tanchiasso.ch\\\/fr\\\/news\\\/\"]}]},{\"@type\":\"ImageObject\",\"inLanguage\":\"fr-FR\",\"@id\":\"https:\\\/\\\/tanchiasso.ch\\\/fr\\\/news\\\/#primaryimage\",\"url\":\"https:\\\/\\\/tanchiasso.ch\\\/wp-content\\\/uploads\\\/2022\\\/05\\\/TAN-SA-2.jpg\",\"contentUrl\":\"https:\\\/\\\/tanchiasso.ch\\\/wp-content\\\/uploads\\\/2022\\\/05\\\/TAN-SA-2.jpg\",\"width\":1510,\"height\":1000,\"caption\":\"Come-creare-linea-orologi-private-label\"},{\"@type\":\"BreadcrumbList\",\"@id\":\"https:\\\/\\\/tanchiasso.ch\\\/fr\\\/news\\\/#breadcrumb\",\"itemListElement\":[{\"@type\":\"ListItem\",\"position\":1,\"name\":\"Home\",\"item\":\"https:\\\/\\\/tanchiasso.ch\\\/fr\\\/\"},{\"@type\":\"ListItem\",\"position\":2,\"name\":\"News\"}]},{\"@type\":\"WebSite\",\"@id\":\"https:\\\/\\\/tanchiasso.ch\\\/fr\\\/#website\",\"url\":\"https:\\\/\\\/tanchiasso.ch\\\/fr\\\/\",\"name\":\"Tan SA\",\"description\":\"Arte orologiaia da oltre 40 anni\",\"publisher\":{\"@id\":\"https:\\\/\\\/tanchiasso.ch\\\/fr\\\/#organization\"},\"potentialAction\":[{\"@type\":\"SearchAction\",\"target\":{\"@type\":\"EntryPoint\",\"urlTemplate\":\"https:\\\/\\\/tanchiasso.ch\\\/fr\\\/?s={search_term_string}\"},\"query-input\":{\"@type\":\"PropertyValueSpecification\",\"valueRequired\":true,\"valueName\":\"search_term_string\"}}],\"inLanguage\":\"fr-FR\"},{\"@type\":\"Organization\",\"@id\":\"https:\\\/\\\/tanchiasso.ch\\\/fr\\\/#organization\",\"name\":\"TAN SA\",\"url\":\"https:\\\/\\\/tanchiasso.ch\\\/fr\\\/\",\"logo\":{\"@type\":\"ImageObject\",\"inLanguage\":\"fr-FR\",\"@id\":\"https:\\\/\\\/tanchiasso.ch\\\/fr\\\/#\\\/schema\\\/logo\\\/image\\\/\",\"url\":\"https:\\\/\\\/tanchiasso.ch\\\/wp-content\\\/uploads\\\/2022\\\/06\\\/TAN-SA-Logo@3x.png\",\"contentUrl\":\"https:\\\/\\\/tanchiasso.ch\\\/wp-content\\\/uploads\\\/2022\\\/06\\\/TAN-SA-Logo@3x.png\",\"width\":758,\"height\":219,\"caption\":\"TAN SA\"},\"image\":{\"@id\":\"https:\\\/\\\/tanchiasso.ch\\\/fr\\\/#\\\/schema\\\/logo\\\/image\\\/\"}}]}<\/script>\n<!-- \/ Yoast SEO plugin. -->","yoast_head_json":{"title":"News | TAN SA","description":"Actualit\u00e9s et aper\u00e7us de l'art horloger. Des montres avec mouvement m\u00e9canique suisse aux montres promotionnelles personnalis\u00e9es.","robots":{"index":"index","follow":"follow","max-snippet":"max-snippet:-1","max-image-preview":"max-image-preview:large","max-video-preview":"max-video-preview:-1"},"canonical":"https:\/\/tanchiasso.ch\/fr\/news\/","og_locale":"fr_FR","og_type":"article","og_title":"News | TAN SA","og_description":"Actualit\u00e9s et aper\u00e7us de l'art horloger. Des montres avec mouvement m\u00e9canique suisse aux montres promotionnelles personnalis\u00e9es.","og_url":"https:\/\/tanchiasso.ch\/fr\/news\/","og_site_name":"Tan SA","article_modified_time":"2023-02-22T15:55:58+00:00","og_image":[{"width":1510,"height":1000,"url":"https:\/\/tanchiasso.ch\/wp-content\/uploads\/2022\/05\/TAN-SA-2.jpg","type":"image\/jpeg"}],"twitter_card":"summary_large_image","twitter_misc":{"Dur\u00e9e de lecture estim\u00e9e":"2 minutes"},"schema":{"@context":"https:\/\/schema.org","@graph":[{"@type":"WebPage","@id":"https:\/\/tanchiasso.ch\/fr\/news\/","url":"https:\/\/tanchiasso.ch\/fr\/news\/","name":"News | TAN SA","isPartOf":{"@id":"https:\/\/tanchiasso.ch\/fr\/#website"},"primaryImageOfPage":{"@id":"https:\/\/tanchiasso.ch\/fr\/news\/#primaryimage"},"image":{"@id":"https:\/\/tanchiasso.ch\/fr\/news\/#primaryimage"},"thumbnailUrl":"https:\/\/tanchiasso.ch\/wp-content\/uploads\/2022\/05\/TAN-SA-2.jpg","datePublished":"2022-05-02T15:08:41+00:00","dateModified":"2023-02-22T15:55:58+00:00","description":"Actualit\u00e9s et aper\u00e7us de l'art horloger. Des montres avec mouvement m\u00e9canique suisse aux montres promotionnelles personnalis\u00e9es.","breadcrumb":{"@id":"https:\/\/tanchiasso.ch\/fr\/news\/#breadcrumb"},"inLanguage":"fr-FR","potentialAction":[{"@type":"ReadAction","target":["https:\/\/tanchiasso.ch\/fr\/news\/"]}]},{"@type":"ImageObject","inLanguage":"fr-FR","@id":"https:\/\/tanchiasso.ch\/fr\/news\/#primaryimage","url":"https:\/\/tanchiasso.ch\/wp-content\/uploads\/2022\/05\/TAN-SA-2.jpg","contentUrl":"https:\/\/tanchiasso.ch\/wp-content\/uploads\/2022\/05\/TAN-SA-2.jpg","width":1510,"height":1000,"caption":"Come-creare-linea-orologi-private-label"},{"@type":"BreadcrumbList","@id":"https:\/\/tanchiasso.ch\/fr\/news\/#breadcrumb","itemListElement":[{"@type":"ListItem","position":1,"name":"Home","item":"https:\/\/tanchiasso.ch\/fr\/"},{"@type":"ListItem","position":2,"name":"News"}]},{"@type":"WebSite","@id":"https:\/\/tanchiasso.ch\/fr\/#website","url":"https:\/\/tanchiasso.ch\/fr\/","name":"Tan SA","description":"Arte orologiaia da oltre 40 anni","publisher":{"@id":"https:\/\/tanchiasso.ch\/fr\/#organization"},"potentialAction":[{"@type":"SearchAction","target":{"@type":"EntryPoint","urlTemplate":"https:\/\/tanchiasso.ch\/fr\/?s={search_term_string}"},"query-input":{"@type":"PropertyValueSpecification","valueRequired":true,"valueName":"search_term_string"}}],"inLanguage":"fr-FR"},{"@type":"Organization","@id":"https:\/\/tanchiasso.ch\/fr\/#organization","name":"TAN SA","url":"https:\/\/tanchiasso.ch\/fr\/","logo":{"@type":"ImageObject","inLanguage":"fr-FR","@id":"https:\/\/tanchiasso.ch\/fr\/#\/schema\/logo\/image\/","url":"https:\/\/tanchiasso.ch\/wp-content\/uploads\/2022\/06\/TAN-SA-Logo@3x.png","contentUrl":"https:\/\/tanchiasso.ch\/wp-content\/uploads\/2022\/06\/TAN-SA-Logo@3x.png","width":758,"height":219,"caption":"TAN SA"},"image":{"@id":"https:\/\/tanchiasso.ch\/fr\/#\/schema\/logo\/image\/"}}]}},"_links":{"self":[{"href":"https:\/\/tanchiasso.ch\/fr\/wp-json\/wp\/v2\/pages\/1168","targetHints":{"allow":["GET"]}}],"collection":[{"href":"https:\/\/tanchiasso.ch\/fr\/wp-json\/wp\/v2\/pages"}],"about":[{"href":"https:\/\/tanchiasso.ch\/fr\/wp-json\/wp\/v2\/types\/page"}],"author":[{"embeddable":true,"href":"https:\/\/tanchiasso.ch\/fr\/wp-json\/wp\/v2\/users\/4"}],"replies":[{"embeddable":true,"href":"https:\/\/tanchiasso.ch\/fr\/wp-json\/wp\/v2\/comments?post=1168"}],"version-history":[{"count":8,"href":"https:\/\/tanchiasso.ch\/fr\/wp-json\/wp\/v2\/pages\/1168\/revisions"}],"predecessor-version":[{"id":1253,"href":"https:\/\/tanchiasso.ch\/fr\/wp-json\/wp\/v2\/pages\/1168\/revisions\/1253"}],"wp:featuredmedia":[{"embeddable":true,"href":"https:\/\/tanchiasso.ch\/fr\/wp-json\/wp\/v2\/media\/631"}],"wp:attachment":[{"href":"https:\/\/tanchiasso.ch\/fr\/wp-json\/wp\/v2\/media?parent=1168"}],"curies":[{"name":"wp","href":"https:\/\/api.w.org\/{rel}","templated":true}]}}