{"id":1137,"date":"2022-05-02T15:07:05","date_gmt":"2022-05-02T15:07:05","guid":{"rendered":"https:\/\/tanchiasso.ch\/partenaire\/"},"modified":"2026-03-23T14:40:31","modified_gmt":"2026-03-23T14:40:31","slug":"partenaire","status":"publish","type":"page","link":"https:\/\/tanchiasso.ch\/fr\/partenaire\/","title":{"rendered":"Partenaire"},"content":{"rendered":"\t\t<div data-elementor-type=\"wp-page\" data-elementor-id=\"1137\" class=\"elementor elementor-1137 elementor-19\" data-elementor-post-type=\"page\">\n\t\t\t\t\t\t<section class=\"elementor-section elementor-top-section elementor-element elementor-element-525dd57 elementor-section-height-min-height elementor-section-boxed elementor-section-height-default elementor-section-items-middle\" data-id=\"525dd57\" data-element_type=\"section\" data-e-type=\"section\" data-settings=\"{&quot;background_background&quot;:&quot;classic&quot;}\">\n\t\t\t\t\t\t\t<div class=\"elementor-background-overlay\"><\/div>\n\t\t\t\t\t\t\t<div class=\"elementor-container elementor-column-gap-default\">\n\t\t\t\t\t<div class=\"elementor-column elementor-col-100 elementor-top-column elementor-element elementor-element-5db04e1\" data-id=\"5db04e1\" data-element_type=\"column\" data-e-type=\"column\">\n\t\t\t<div class=\"elementor-widget-wrap\">\n\t\t\t\t\t\t\t<\/div>\n\t\t<\/div>\n\t\t\t\t\t<\/div>\n\t\t<\/section>\n\t\t\t\t<section class=\"elementor-section elementor-top-section elementor-element elementor-element-0a13e0f elementor-section-boxed elementor-section-height-default elementor-section-height-default\" data-id=\"0a13e0f\" data-element_type=\"section\" data-e-type=\"section\">\n\t\t\t\t\t\t<div class=\"elementor-container elementor-column-gap-default\">\n\t\t\t\t\t<div class=\"elementor-column elementor-col-100 elementor-top-column elementor-element elementor-element-440ada8\" data-id=\"440ada8\" data-element_type=\"column\" data-e-type=\"column\">\n\t\t\t<div class=\"elementor-widget-wrap elementor-element-populated\">\n\t\t\t\t\t\t<div class=\"elementor-element elementor-element-4a4e043 elementor-widget elementor-widget-heading\" data-id=\"4a4e043\" data-element_type=\"widget\" data-e-type=\"widget\" data-widget_type=\"heading.default\">\n\t\t\t\t<div class=\"elementor-widget-container\">\n\t\t\t\t\t<h1 class=\"elementor-heading-title elementor-size-default\">Partenaire<\/h1>\t\t\t\t<\/div>\n\t\t\t\t<\/div>\n\t\t\t\t\t<\/div>\n\t\t<\/div>\n\t\t\t\t\t<\/div>\n\t\t<\/section>\n\t\t\t\t<section class=\"elementor-section elementor-top-section elementor-element elementor-element-4b13d1f elementor-section-boxed elementor-section-height-default elementor-section-height-default\" data-id=\"4b13d1f\" data-element_type=\"section\" data-e-type=\"section\">\n\t\t\t\t\t\t<div class=\"elementor-container elementor-column-gap-default\">\n\t\t\t\t\t<div class=\"elementor-column elementor-col-50 elementor-top-column elementor-element elementor-element-d9c1f56\" data-id=\"d9c1f56\" data-element_type=\"column\" data-e-type=\"column\">\n\t\t\t<div class=\"elementor-widget-wrap elementor-element-populated\">\n\t\t\t\t\t\t<div class=\"elementor-element elementor-element-36d04f4 elementor-widget elementor-widget-text-editor\" data-id=\"36d04f4\" data-element_type=\"widget\" data-e-type=\"widget\" data-widget_type=\"text-editor.default\">\n\t\t\t\t<div class=\"elementor-widget-container\">\n\t\t\t\t\t\t\t\t\t<p><strong>Royal Glory:\u00a0<\/strong><\/p>\n<p> notre partenaire de Hong Kong <\/p>\n\t\t\t\t\t\t\t\t<\/div>\n\t\t\t\t<\/div>\n\t\t\t\t\t<\/div>\n\t\t<\/div>\n\t\t\t\t<div class=\"elementor-column elementor-col-50 elementor-top-column elementor-element elementor-element-67af6f1\" data-id=\"67af6f1\" data-element_type=\"column\" data-e-type=\"column\">\n\t\t\t<div class=\"elementor-widget-wrap elementor-element-populated\">\n\t\t\t\t\t\t<div class=\"elementor-element elementor-element-2745dae elementor-widget elementor-widget-text-editor\" data-id=\"2745dae\" data-element_type=\"widget\" data-e-type=\"widget\" data-widget_type=\"text-editor.default\">\n\t\t\t\t<div class=\"elementor-widget-container\">\n\t\t\t\t\t\t\t\t\tPour rencontrer les besoins exprim\u00e9s par diff\u00e9rents clients, de pouvoir r\u00e9aliser des produits pas n\u00e9cessairement Swiss Made, TAN SA, en partenariat avec un partenaire de Hong Kong, en l\u2019ann\u00e9e 2000 fonde la soci\u00e9t\u00e9 Royal Glory, qui a le but de fournir les m\u00eames services pour des montres enti\u00e8rement produites et assembl\u00e9es en Extr\u00eame Orient. \t\t\t\t\t\t\t\t<\/div>\n\t\t\t\t<\/div>\n\t\t\t\t\t<\/div>\n\t\t<\/div>\n\t\t\t\t\t<\/div>\n\t\t<\/section>\n\t\t\t\t<section class=\"elementor-section elementor-top-section elementor-element elementor-element-70fb906 elementor-section-boxed elementor-section-height-default elementor-section-height-default\" data-id=\"70fb906\" data-element_type=\"section\" data-e-type=\"section\">\n\t\t\t\t\t\t<div class=\"elementor-container elementor-column-gap-default\">\n\t\t\t\t\t<div class=\"elementor-column elementor-col-100 elementor-top-column elementor-element elementor-element-3150b48\" data-id=\"3150b48\" data-element_type=\"column\" data-e-type=\"column\">\n\t\t\t<div class=\"elementor-widget-wrap elementor-element-populated\">\n\t\t\t\t\t\t<div class=\"elementor-element elementor-element-e08fedd elementor-widget-divider--view-line elementor-widget elementor-widget-divider\" data-id=\"e08fedd\" data-element_type=\"widget\" data-e-type=\"widget\" data-widget_type=\"divider.default\">\n\t\t\t\t<div class=\"elementor-widget-container\">\n\t\t\t\t\t\t\t<div class=\"elementor-divider\">\n\t\t\t<span class=\"elementor-divider-separator\">\n\t\t\t\t\t\t<\/span>\n\t\t<\/div>\n\t\t\t\t\t\t<\/div>\n\t\t\t\t<\/div>\n\t\t\t\t<div class=\"elementor-element elementor-element-b525fb0 elementor-widget elementor-widget-text-editor\" data-id=\"b525fb0\" data-element_type=\"widget\" data-e-type=\"widget\" data-widget_type=\"text-editor.default\">\n\t\t\t\t<div class=\"elementor-widget-container\">\n\t\t\t\t\t\t\t\t\t<p>Royal Glory, qui emploie aujourd\u2019hui environ 40 personnes, est structur\u00e9e de mani\u00e8re \u00e0 pouvoir d\u00e9velopper des projets \u00e0 partir des plans techniques et jusqu\u2019\u00e0 la production en s\u00e9ries des montres.<br \/>\nRoyal Glory utilise exclusivement des <b>mouvements japonais de haute qualit\u00e9<\/b>, et des <b>composants produits par les meilleures fabricants chinois<\/b>,<b>s\u00e9lectionn\u00e9s avec grand soin<\/b>, chez lesquels on programme des visites hebdomadaires pour v\u00e9rifier l\u2019avancement et la qualit\u00e9 de la production. <br \/>\nL\u2019<b>assemblage et le contr\u00f4le de qualit\u00e9 se font chez Royal Glory<\/b> qui, gr\u00e2ce \u00e0 la collaboration avec TAN, peut disposer des meilleures technologies et des <b>meilleurs outils actuellement disponibles sur le march\u00e9<\/b>.<\/p>\n\t\t\t\t\t\t\t\t<\/div>\n\t\t\t\t<\/div>\n\t\t\t\t\t<\/div>\n\t\t<\/div>\n\t\t\t\t\t<\/div>\n\t\t<\/section>\n\t\t\t\t<\/div>\n\t\t","protected":false},"excerpt":{"rendered":"<p>Royal Glory:\u00a0 notre partenaire de Hong Kong Pour rencontrer les besoins exprim\u00e9s par diff\u00e9rents clients, de pouvoir r\u00e9aliser des produits pas n\u00e9cessairement Swiss Made, TAN SA, en partenariat avec un partenaire de Hong Kong, en l\u2019ann\u00e9e 2000 fonde la soci\u00e9t\u00e9 Royal Glory, qui a le but de fournir les m\u00eames services pour des montres enti\u00e8rement [&hellip;]<\/p>\n","protected":false},"author":4,"featured_media":451,"parent":0,"menu_order":0,"comment_status":"closed","ping_status":"closed","template":"","meta":{"footnotes":""},"class_list":["post-1137","page","type-page","status-publish","has-post-thumbnail","hentry"],"yoast_head":"<!-- This site is optimized with the Yoast SEO plugin v27.4 - https:\/\/yoast.com\/product\/yoast-seo-wordpress\/ -->\n<title>Partenaire | TAN SA<\/title>\n<meta name=\"description\" content=\"TAN SA s&#039;associe \u00e0 Royal Glory Hong Kong pour produire des montres non Swiss Made de haute qualit\u00e9, en s\u00e9lectionnant les meilleurs composants disponibles.\" \/>\n<meta name=\"robots\" content=\"index, follow, max-snippet:-1, max-image-preview:large, max-video-preview:-1\" \/>\n<link rel=\"canonical\" href=\"https:\/\/tanchiasso.ch\/fr\/partenaire\/\" \/>\n<meta property=\"og:locale\" content=\"fr_FR\" \/>\n<meta property=\"og:type\" content=\"article\" \/>\n<meta property=\"og:title\" content=\"Partenaire | TAN SA\" \/>\n<meta property=\"og:description\" content=\"TAN SA s&#039;associe \u00e0 Royal Glory Hong Kong pour produire des montres non Swiss Made de haute qualit\u00e9, en s\u00e9lectionnant les meilleurs composants disponibles.\" \/>\n<meta property=\"og:url\" content=\"https:\/\/tanchiasso.ch\/fr\/partenaire\/\" \/>\n<meta property=\"og:site_name\" content=\"Tan SA\" \/>\n<meta property=\"article:modified_time\" content=\"2026-03-23T14:40:31+00:00\" \/>\n<meta property=\"og:image\" content=\"https:\/\/tanchiasso.ch\/wp-content\/uploads\/2022\/05\/TAN-SA-partner.jpg\" \/>\n\t<meta property=\"og:image:width\" content=\"1800\" \/>\n\t<meta property=\"og:image:height\" content=\"1200\" \/>\n\t<meta property=\"og:image:type\" content=\"image\/jpeg\" \/>\n<meta name=\"twitter:card\" content=\"summary_large_image\" \/>\n<meta name=\"twitter:label1\" content=\"Dur\u00e9e de lecture estim\u00e9e\" \/>\n\t<meta name=\"twitter:data1\" content=\"1 minute\" \/>\n<script type=\"application\/ld+json\" class=\"yoast-schema-graph\">{\"@context\":\"https:\\\/\\\/schema.org\",\"@graph\":[{\"@type\":\"WebPage\",\"@id\":\"https:\\\/\\\/tanchiasso.ch\\\/fr\\\/partenaire\\\/\",\"url\":\"https:\\\/\\\/tanchiasso.ch\\\/fr\\\/partenaire\\\/\",\"name\":\"Partenaire | TAN SA\",\"isPartOf\":{\"@id\":\"https:\\\/\\\/tanchiasso.ch\\\/fr\\\/#website\"},\"primaryImageOfPage\":{\"@id\":\"https:\\\/\\\/tanchiasso.ch\\\/fr\\\/partenaire\\\/#primaryimage\"},\"image\":{\"@id\":\"https:\\\/\\\/tanchiasso.ch\\\/fr\\\/partenaire\\\/#primaryimage\"},\"thumbnailUrl\":\"https:\\\/\\\/tanchiasso.ch\\\/wp-content\\\/uploads\\\/2022\\\/05\\\/TAN-SA-partner.jpg\",\"datePublished\":\"2022-05-02T15:07:05+00:00\",\"dateModified\":\"2026-03-23T14:40:31+00:00\",\"description\":\"TAN SA s'associe \u00e0 Royal Glory Hong Kong pour produire des montres non Swiss Made de haute qualit\u00e9, en s\u00e9lectionnant les meilleurs composants disponibles.\",\"breadcrumb\":{\"@id\":\"https:\\\/\\\/tanchiasso.ch\\\/fr\\\/partenaire\\\/#breadcrumb\"},\"inLanguage\":\"fr-FR\",\"potentialAction\":[{\"@type\":\"ReadAction\",\"target\":[\"https:\\\/\\\/tanchiasso.ch\\\/fr\\\/partenaire\\\/\"]}]},{\"@type\":\"ImageObject\",\"inLanguage\":\"fr-FR\",\"@id\":\"https:\\\/\\\/tanchiasso.ch\\\/fr\\\/partenaire\\\/#primaryimage\",\"url\":\"https:\\\/\\\/tanchiasso.ch\\\/wp-content\\\/uploads\\\/2022\\\/05\\\/TAN-SA-partner.jpg\",\"contentUrl\":\"https:\\\/\\\/tanchiasso.ch\\\/wp-content\\\/uploads\\\/2022\\\/05\\\/TAN-SA-partner.jpg\",\"width\":1800,\"height\":1200,\"caption\":\"partner honk gong\"},{\"@type\":\"BreadcrumbList\",\"@id\":\"https:\\\/\\\/tanchiasso.ch\\\/fr\\\/partenaire\\\/#breadcrumb\",\"itemListElement\":[{\"@type\":\"ListItem\",\"position\":1,\"name\":\"Home\",\"item\":\"https:\\\/\\\/tanchiasso.ch\\\/fr\\\/\"},{\"@type\":\"ListItem\",\"position\":2,\"name\":\"Partenaire\"}]},{\"@type\":\"WebSite\",\"@id\":\"https:\\\/\\\/tanchiasso.ch\\\/fr\\\/#website\",\"url\":\"https:\\\/\\\/tanchiasso.ch\\\/fr\\\/\",\"name\":\"Tan SA\",\"description\":\"Arte orologiaia da oltre 40 anni\",\"publisher\":{\"@id\":\"https:\\\/\\\/tanchiasso.ch\\\/fr\\\/#organization\"},\"potentialAction\":[{\"@type\":\"SearchAction\",\"target\":{\"@type\":\"EntryPoint\",\"urlTemplate\":\"https:\\\/\\\/tanchiasso.ch\\\/fr\\\/?s={search_term_string}\"},\"query-input\":{\"@type\":\"PropertyValueSpecification\",\"valueRequired\":true,\"valueName\":\"search_term_string\"}}],\"inLanguage\":\"fr-FR\"},{\"@type\":\"Organization\",\"@id\":\"https:\\\/\\\/tanchiasso.ch\\\/fr\\\/#organization\",\"name\":\"TAN SA\",\"url\":\"https:\\\/\\\/tanchiasso.ch\\\/fr\\\/\",\"logo\":{\"@type\":\"ImageObject\",\"inLanguage\":\"fr-FR\",\"@id\":\"https:\\\/\\\/tanchiasso.ch\\\/fr\\\/#\\\/schema\\\/logo\\\/image\\\/\",\"url\":\"https:\\\/\\\/tanchiasso.ch\\\/wp-content\\\/uploads\\\/2022\\\/06\\\/TAN-SA-Logo@3x.png\",\"contentUrl\":\"https:\\\/\\\/tanchiasso.ch\\\/wp-content\\\/uploads\\\/2022\\\/06\\\/TAN-SA-Logo@3x.png\",\"width\":758,\"height\":219,\"caption\":\"TAN SA\"},\"image\":{\"@id\":\"https:\\\/\\\/tanchiasso.ch\\\/fr\\\/#\\\/schema\\\/logo\\\/image\\\/\"}}]}<\/script>\n<!-- \/ Yoast SEO plugin. -->","yoast_head_json":{"title":"Partenaire | TAN SA","description":"TAN SA s'associe \u00e0 Royal Glory Hong Kong pour produire des montres non Swiss Made de haute qualit\u00e9, en s\u00e9lectionnant les meilleurs composants disponibles.","robots":{"index":"index","follow":"follow","max-snippet":"max-snippet:-1","max-image-preview":"max-image-preview:large","max-video-preview":"max-video-preview:-1"},"canonical":"https:\/\/tanchiasso.ch\/fr\/partenaire\/","og_locale":"fr_FR","og_type":"article","og_title":"Partenaire | TAN SA","og_description":"TAN SA s'associe \u00e0 Royal Glory Hong Kong pour produire des montres non Swiss Made de haute qualit\u00e9, en s\u00e9lectionnant les meilleurs composants disponibles.","og_url":"https:\/\/tanchiasso.ch\/fr\/partenaire\/","og_site_name":"Tan SA","article_modified_time":"2026-03-23T14:40:31+00:00","og_image":[{"width":1800,"height":1200,"url":"https:\/\/tanchiasso.ch\/wp-content\/uploads\/2022\/05\/TAN-SA-partner.jpg","type":"image\/jpeg"}],"twitter_card":"summary_large_image","twitter_misc":{"Dur\u00e9e de lecture estim\u00e9e":"1 minute"},"schema":{"@context":"https:\/\/schema.org","@graph":[{"@type":"WebPage","@id":"https:\/\/tanchiasso.ch\/fr\/partenaire\/","url":"https:\/\/tanchiasso.ch\/fr\/partenaire\/","name":"Partenaire | TAN SA","isPartOf":{"@id":"https:\/\/tanchiasso.ch\/fr\/#website"},"primaryImageOfPage":{"@id":"https:\/\/tanchiasso.ch\/fr\/partenaire\/#primaryimage"},"image":{"@id":"https:\/\/tanchiasso.ch\/fr\/partenaire\/#primaryimage"},"thumbnailUrl":"https:\/\/tanchiasso.ch\/wp-content\/uploads\/2022\/05\/TAN-SA-partner.jpg","datePublished":"2022-05-02T15:07:05+00:00","dateModified":"2026-03-23T14:40:31+00:00","description":"TAN SA s'associe \u00e0 Royal Glory Hong Kong pour produire des montres non Swiss Made de haute qualit\u00e9, en s\u00e9lectionnant les meilleurs composants disponibles.","breadcrumb":{"@id":"https:\/\/tanchiasso.ch\/fr\/partenaire\/#breadcrumb"},"inLanguage":"fr-FR","potentialAction":[{"@type":"ReadAction","target":["https:\/\/tanchiasso.ch\/fr\/partenaire\/"]}]},{"@type":"ImageObject","inLanguage":"fr-FR","@id":"https:\/\/tanchiasso.ch\/fr\/partenaire\/#primaryimage","url":"https:\/\/tanchiasso.ch\/wp-content\/uploads\/2022\/05\/TAN-SA-partner.jpg","contentUrl":"https:\/\/tanchiasso.ch\/wp-content\/uploads\/2022\/05\/TAN-SA-partner.jpg","width":1800,"height":1200,"caption":"partner honk gong"},{"@type":"BreadcrumbList","@id":"https:\/\/tanchiasso.ch\/fr\/partenaire\/#breadcrumb","itemListElement":[{"@type":"ListItem","position":1,"name":"Home","item":"https:\/\/tanchiasso.ch\/fr\/"},{"@type":"ListItem","position":2,"name":"Partenaire"}]},{"@type":"WebSite","@id":"https:\/\/tanchiasso.ch\/fr\/#website","url":"https:\/\/tanchiasso.ch\/fr\/","name":"Tan SA","description":"Arte orologiaia da oltre 40 anni","publisher":{"@id":"https:\/\/tanchiasso.ch\/fr\/#organization"},"potentialAction":[{"@type":"SearchAction","target":{"@type":"EntryPoint","urlTemplate":"https:\/\/tanchiasso.ch\/fr\/?s={search_term_string}"},"query-input":{"@type":"PropertyValueSpecification","valueRequired":true,"valueName":"search_term_string"}}],"inLanguage":"fr-FR"},{"@type":"Organization","@id":"https:\/\/tanchiasso.ch\/fr\/#organization","name":"TAN SA","url":"https:\/\/tanchiasso.ch\/fr\/","logo":{"@type":"ImageObject","inLanguage":"fr-FR","@id":"https:\/\/tanchiasso.ch\/fr\/#\/schema\/logo\/image\/","url":"https:\/\/tanchiasso.ch\/wp-content\/uploads\/2022\/06\/TAN-SA-Logo@3x.png","contentUrl":"https:\/\/tanchiasso.ch\/wp-content\/uploads\/2022\/06\/TAN-SA-Logo@3x.png","width":758,"height":219,"caption":"TAN SA"},"image":{"@id":"https:\/\/tanchiasso.ch\/fr\/#\/schema\/logo\/image\/"}}]}},"_links":{"self":[{"href":"https:\/\/tanchiasso.ch\/fr\/wp-json\/wp\/v2\/pages\/1137","targetHints":{"allow":["GET"]}}],"collection":[{"href":"https:\/\/tanchiasso.ch\/fr\/wp-json\/wp\/v2\/pages"}],"about":[{"href":"https:\/\/tanchiasso.ch\/fr\/wp-json\/wp\/v2\/types\/page"}],"author":[{"embeddable":true,"href":"https:\/\/tanchiasso.ch\/fr\/wp-json\/wp\/v2\/users\/4"}],"replies":[{"embeddable":true,"href":"https:\/\/tanchiasso.ch\/fr\/wp-json\/wp\/v2\/comments?post=1137"}],"version-history":[{"count":5,"href":"https:\/\/tanchiasso.ch\/fr\/wp-json\/wp\/v2\/pages\/1137\/revisions"}],"predecessor-version":[{"id":1619,"href":"https:\/\/tanchiasso.ch\/fr\/wp-json\/wp\/v2\/pages\/1137\/revisions\/1619"}],"wp:featuredmedia":[{"embeddable":true,"href":"https:\/\/tanchiasso.ch\/fr\/wp-json\/wp\/v2\/media\/451"}],"wp:attachment":[{"href":"https:\/\/tanchiasso.ch\/fr\/wp-json\/wp\/v2\/media?parent=1137"}],"curies":[{"name":"wp","href":"https:\/\/api.w.org\/{rel}","templated":true}]}}