{"id":1113,"date":"2022-05-02T15:05:37","date_gmt":"2022-05-02T15:05:37","guid":{"rendered":"https:\/\/tanchiasso.ch\/qui-nous-sommes\/"},"modified":"2023-01-25T09:53:28","modified_gmt":"2023-01-25T09:53:28","slug":"qui-nous-sommes","status":"publish","type":"page","link":"https:\/\/tanchiasso.ch\/fr\/qui-nous-sommes\/","title":{"rendered":"Qui nous sommes"},"content":{"rendered":"\t\t<div data-elementor-type=\"wp-page\" data-elementor-id=\"1113\" class=\"elementor elementor-1113 elementor-13\" data-elementor-post-type=\"page\">\n\t\t\t\t\t\t<section class=\"elementor-section elementor-top-section elementor-element elementor-element-22454f4 elementor-section-height-min-height elementor-section-boxed elementor-section-height-default elementor-section-items-middle\" data-id=\"22454f4\" data-element_type=\"section\" data-e-type=\"section\" data-settings=\"{&quot;background_background&quot;:&quot;classic&quot;}\">\n\t\t\t\t\t\t<div class=\"elementor-container elementor-column-gap-default\">\n\t\t\t\t\t<div class=\"elementor-column elementor-col-100 elementor-top-column elementor-element elementor-element-e449a7c\" data-id=\"e449a7c\" data-element_type=\"column\" data-e-type=\"column\">\n\t\t\t<div class=\"elementor-widget-wrap\">\n\t\t\t\t\t\t\t<\/div>\n\t\t<\/div>\n\t\t\t\t\t<\/div>\n\t\t<\/section>\n\t\t\t\t<section class=\"elementor-section elementor-top-section elementor-element elementor-element-4586efa elementor-section-boxed elementor-section-height-default elementor-section-height-default\" data-id=\"4586efa\" data-element_type=\"section\" data-e-type=\"section\">\n\t\t\t\t\t\t<div class=\"elementor-container elementor-column-gap-default\">\n\t\t\t\t\t<div class=\"elementor-column elementor-col-100 elementor-top-column elementor-element elementor-element-6593f01\" data-id=\"6593f01\" data-element_type=\"column\" data-e-type=\"column\">\n\t\t\t<div class=\"elementor-widget-wrap elementor-element-populated\">\n\t\t\t\t\t\t<div class=\"elementor-element elementor-element-6901d33 elementor-widget elementor-widget-heading\" data-id=\"6901d33\" data-element_type=\"widget\" data-e-type=\"widget\" data-widget_type=\"heading.default\">\n\t\t\t\t<div class=\"elementor-widget-container\">\n\t\t\t\t\t<h1 class=\"elementor-heading-title elementor-size-default\">Qui nous sommes<\/h1>\t\t\t\t<\/div>\n\t\t\t\t<\/div>\n\t\t\t\t<div class=\"elementor-element elementor-element-c725d0c elementor-widget elementor-widget-text-editor\" data-id=\"c725d0c\" data-element_type=\"widget\" data-e-type=\"widget\" data-widget_type=\"text-editor.default\">\n\t\t\t\t<div class=\"elementor-widget-container\">\n\t\t\t\t\t\t\t\t\t<p>TAN SA est une entreprise familiale <strong>fond\u00e9e en 1984<\/strong>,<\/p>\n<p>mais la famille <strong>Romualdi<\/strong> est active dans le secteur horloger<\/p>\n<p><strong>depuis plus de 70 ans<\/strong>, \u00e0 partir des ann\u00e9es \u201850.<\/p>\n\t\t\t\t\t\t\t\t<\/div>\n\t\t\t\t<\/div>\n\t\t\t\t\t<\/div>\n\t\t<\/div>\n\t\t\t\t\t<\/div>\n\t\t<\/section>\n\t\t\t\t<section class=\"elementor-section elementor-top-section elementor-element elementor-element-6a3d602 elementor-section-boxed elementor-section-height-default elementor-section-height-default\" data-id=\"6a3d602\" data-element_type=\"section\" data-e-type=\"section\">\n\t\t\t\t\t\t<div class=\"elementor-container elementor-column-gap-default\">\n\t\t\t\t\t<div class=\"elementor-column elementor-col-100 elementor-top-column elementor-element elementor-element-997fc38\" data-id=\"997fc38\" data-element_type=\"column\" data-e-type=\"column\">\n\t\t\t<div class=\"elementor-widget-wrap elementor-element-populated\">\n\t\t\t\t\t\t<div class=\"elementor-element elementor-element-3273172 elementor-widget elementor-widget-text-editor\" data-id=\"3273172\" data-element_type=\"widget\" data-e-type=\"widget\" data-widget_type=\"text-editor.default\">\n\t\t\t\t<div class=\"elementor-widget-container\">\n\t\t\t\t\t\t\t\t\t<p>D\u00e8s le d\u00e9but le \u201ccore business\u201d a \u00e9t\u00e9 le <strong>d\u00e9veloppement et la fabrication de montres<\/strong>. Ces activit\u00e9s s\u2019accompagnent, jusqu\u2019\u00e0 la fin des ann\u00e9es \u201980, de l\u2019<strong>assemblage de mouvements m\u00e9caniques, \u00e0 remontage manuel ou automatique, et de la production de cadrans<\/strong>.<\/p>\n\t\t\t\t\t\t\t\t<\/div>\n\t\t\t\t<\/div>\n\t\t\t\t<div class=\"elementor-element elementor-element-7f3317d elementor-widget elementor-widget-text-editor\" data-id=\"7f3317d\" data-element_type=\"widget\" data-e-type=\"widget\" data-widget_type=\"text-editor.default\">\n\t\t\t\t<div class=\"elementor-widget-container\">\n\t\t\t\t\t\t\t\t\t<p>L\u2019ann\u00e9e 1978 a vu l\u2019entr\u00e9e dans l\u2019entreprise de Enrico, fils des fondateurs et actuel CEO. Termin\u00e9s ses \u00e9tudes en chimique, il suit et pratique toutes les \u00e9tapes pertinentes au montage des mouvements et des montres. Dans le but de perfectionner ses connaissances techniques, il passe beaucoup de temps chez quelques fabriques de ETA (le plus important fabricant suisse de mouvements m\u00e9caniques et quartz) , gr\u00e2ce au support de qui il peut b\u00e9n\u00e9ficier d\u2019une p\u00e9riode de formation d\u2019environs 3 mois \u00e0 New York. Enrico passe aussi quelques semaines au Japon, avec l\u2019opportunit\u00e9 d\u2019augmenter et int\u00e9grer sa pr\u00e9paration chez des fabriques SEIKO.<\/p>\n\t\t\t\t\t\t\t\t<\/div>\n\t\t\t\t<\/div>\n\t\t\t\t<div class=\"elementor-element elementor-element-be79d40 elementor-widget elementor-widget-text-editor\" data-id=\"be79d40\" data-element_type=\"widget\" data-e-type=\"widget\" data-widget_type=\"text-editor.default\">\n\t\t\t\t<div class=\"elementor-widget-container\">\n\t\t\t\t\t\t\t\t\t<p>En 1984, la famille d\u00e9cide de transf\u00e9rer toutes les activit\u00e9s en Suisse, en ayant entre autres l\u2019avantage de pouvoir offrir aux clients des montres enti\u00e8rement Swiss made. Grace aux exp\u00e9riences acquises par Enrico le service est am\u00e9lior\u00e9 et renforc\u00e9, face aux exigences techniques et esth\u00e9tiques toujours plus \u00e9lev\u00e9es demand\u00e9es par la client\u00e8le.<\/p>\n\t\t\t\t\t\t\t\t<\/div>\n\t\t\t\t<\/div>\n\t\t\t\t<div class=\"elementor-element elementor-element-ef96d1b elementor-widget elementor-widget-text-editor\" data-id=\"ef96d1b\" data-element_type=\"widget\" data-e-type=\"widget\" data-widget_type=\"text-editor.default\">\n\t\t\t\t<div class=\"elementor-widget-container\">\n\t\t\t\t\t\t\t\t\t<p>En 2015, termin\u00e9s ses \u00e9tudes en Economie et apr\u00e8s une p\u00e9riode de formation et travail \u00e0 l\u2019\u00e9tranger, Nicola rejoint l\u2019entreprise. Avec son p\u00e8re Enrico, pendant les derni\u00e8res ann\u00e9es il s\u2019est occup\u00e9 du d\u00e9veloppement de l\u2019entreprise pour rendre l\u2019offre coh\u00e9rente avec l\u2019\u00e9volution des besoins du march\u00e9.<\/p>\n\t\t\t\t\t\t\t\t<\/div>\n\t\t\t\t<\/div>\n\t\t\t\t\t<\/div>\n\t\t<\/div>\n\t\t\t\t\t<\/div>\n\t\t<\/section>\n\t\t\t\t<section class=\"elementor-section elementor-top-section elementor-element elementor-element-010649a elementor-section-boxed elementor-section-height-default elementor-section-height-default\" data-id=\"010649a\" data-element_type=\"section\" data-e-type=\"section\">\n\t\t\t\t\t\t<div class=\"elementor-container elementor-column-gap-default\">\n\t\t\t\t\t<div class=\"elementor-column elementor-col-100 elementor-top-column elementor-element elementor-element-42c7f3e\" data-id=\"42c7f3e\" data-element_type=\"column\" data-e-type=\"column\">\n\t\t\t<div class=\"elementor-widget-wrap elementor-element-populated\">\n\t\t\t\t\t\t<div class=\"elementor-element elementor-element-4665d19 elementor-widget__width-initial elementor-widget elementor-widget-text-editor\" data-id=\"4665d19\" data-element_type=\"widget\" data-e-type=\"widget\" data-widget_type=\"text-editor.default\">\n\t\t\t\t<div class=\"elementor-widget-container\">\n\t\t\t\t\t\t\t\t\t<p>Aujourd\u2019hui <strong>TAN est en mesure d\u2019offrir \u00e0 sa client\u00e8le des montres avec un standard de qualit\u00e9 sup\u00e9rieur<\/strong>, capable de satisfaire chaque demande et besoin.<\/p>\n<p>Ceci gr\u00e2ce \u00e0 la <strong>fusion de l\u2019art artisanal poursuivie<\/strong> en plus de 70 ans et de l\u2019utilisation des <strong>meilleurs techniques et outils actuellement disponibles<\/strong>.<\/p>\n\t\t\t\t\t\t\t\t<\/div>\n\t\t\t\t<\/div>\n\t\t\t\t\t<\/div>\n\t\t<\/div>\n\t\t\t\t\t<\/div>\n\t\t<\/section>\n\t\t\t\t<\/div>\n\t\t","protected":false},"excerpt":{"rendered":"<p>TAN SA est une entreprise familiale fond\u00e9e en 1984, mais la famille Romualdi est active dans le secteur horloger depuis plus de 70 ans, \u00e0 partir des ann\u00e9es \u201850. D\u00e8s le d\u00e9but le \u201ccore business\u201d a \u00e9t\u00e9 le d\u00e9veloppement et la fabrication de montres. Ces activit\u00e9s s\u2019accompagnent, jusqu\u2019\u00e0 la fin des ann\u00e9es \u201980, de l\u2019assemblage [&hellip;]<\/p>\n","protected":false},"author":4,"featured_media":421,"parent":0,"menu_order":0,"comment_status":"closed","ping_status":"closed","template":"","meta":{"footnotes":""},"class_list":["post-1113","page","type-page","status-publish","has-post-thumbnail","hentry"],"yoast_head":"<!-- This site is optimized with the Yoast SEO plugin v27.4 - https:\/\/yoast.com\/product\/yoast-seo-wordpress\/ -->\n<title>Qui nous sommes | TAN SA<\/title>\n<meta name=\"description\" content=\"TAN SA est une entreprise familiale fond\u00e9e en 1984, mais la famille Romualdi est active dans le secteur horloger depuis plus de 70 ans, \u00e0 partir des ann\u00e9es \u201850\" \/>\n<meta name=\"robots\" content=\"index, follow, max-snippet:-1, max-image-preview:large, max-video-preview:-1\" \/>\n<link rel=\"canonical\" href=\"https:\/\/tanchiasso.ch\/fr\/qui-nous-sommes\/\" \/>\n<meta property=\"og:locale\" content=\"fr_FR\" \/>\n<meta property=\"og:type\" content=\"article\" \/>\n<meta property=\"og:title\" content=\"Qui nous sommes | TAN SA\" \/>\n<meta property=\"og:description\" content=\"TAN SA est une entreprise familiale fond\u00e9e en 1984, mais la famille Romualdi est active dans le secteur horloger depuis plus de 70 ans, \u00e0 partir des ann\u00e9es \u201850\" \/>\n<meta property=\"og:url\" content=\"https:\/\/tanchiasso.ch\/fr\/qui-nous-sommes\/\" \/>\n<meta property=\"og:site_name\" content=\"Tan SA\" \/>\n<meta property=\"article:modified_time\" content=\"2023-01-25T09:53:28+00:00\" \/>\n<meta property=\"og:image\" content=\"https:\/\/tanchiasso.ch\/wp-content\/uploads\/2022\/05\/1-1-scaled.jpg\" \/>\n\t<meta property=\"og:image:width\" content=\"2560\" \/>\n\t<meta property=\"og:image:height\" content=\"1440\" \/>\n\t<meta property=\"og:image:type\" content=\"image\/jpeg\" \/>\n<meta name=\"twitter:card\" content=\"summary_large_image\" \/>\n<meta name=\"twitter:label1\" content=\"Dur\u00e9e de lecture estim\u00e9e\" \/>\n\t<meta name=\"twitter:data1\" content=\"2 minutes\" \/>\n<script type=\"application\/ld+json\" class=\"yoast-schema-graph\">{\"@context\":\"https:\\\/\\\/schema.org\",\"@graph\":[{\"@type\":\"WebPage\",\"@id\":\"https:\\\/\\\/tanchiasso.ch\\\/fr\\\/qui-nous-sommes\\\/\",\"url\":\"https:\\\/\\\/tanchiasso.ch\\\/fr\\\/qui-nous-sommes\\\/\",\"name\":\"Qui nous sommes | TAN SA\",\"isPartOf\":{\"@id\":\"https:\\\/\\\/tanchiasso.ch\\\/fr\\\/#website\"},\"primaryImageOfPage\":{\"@id\":\"https:\\\/\\\/tanchiasso.ch\\\/fr\\\/qui-nous-sommes\\\/#primaryimage\"},\"image\":{\"@id\":\"https:\\\/\\\/tanchiasso.ch\\\/fr\\\/qui-nous-sommes\\\/#primaryimage\"},\"thumbnailUrl\":\"https:\\\/\\\/tanchiasso.ch\\\/wp-content\\\/uploads\\\/2022\\\/05\\\/1-1-scaled.jpg\",\"datePublished\":\"2022-05-02T15:05:37+00:00\",\"dateModified\":\"2023-01-25T09:53:28+00:00\",\"description\":\"TAN SA est une entreprise familiale fond\u00e9e en 1984, mais la famille Romualdi est active dans le secteur horloger depuis plus de 70 ans, \u00e0 partir des ann\u00e9es \u201850\",\"breadcrumb\":{\"@id\":\"https:\\\/\\\/tanchiasso.ch\\\/fr\\\/qui-nous-sommes\\\/#breadcrumb\"},\"inLanguage\":\"fr-FR\",\"potentialAction\":[{\"@type\":\"ReadAction\",\"target\":[\"https:\\\/\\\/tanchiasso.ch\\\/fr\\\/qui-nous-sommes\\\/\"]}]},{\"@type\":\"ImageObject\",\"inLanguage\":\"fr-FR\",\"@id\":\"https:\\\/\\\/tanchiasso.ch\\\/fr\\\/qui-nous-sommes\\\/#primaryimage\",\"url\":\"https:\\\/\\\/tanchiasso.ch\\\/wp-content\\\/uploads\\\/2022\\\/05\\\/1-1-scaled.jpg\",\"contentUrl\":\"https:\\\/\\\/tanchiasso.ch\\\/wp-content\\\/uploads\\\/2022\\\/05\\\/1-1-scaled.jpg\",\"width\":2560,\"height\":1440,\"caption\":\"tradizionalit\u00e0 e innovazione svizzera\"},{\"@type\":\"BreadcrumbList\",\"@id\":\"https:\\\/\\\/tanchiasso.ch\\\/fr\\\/qui-nous-sommes\\\/#breadcrumb\",\"itemListElement\":[{\"@type\":\"ListItem\",\"position\":1,\"name\":\"Home\",\"item\":\"https:\\\/\\\/tanchiasso.ch\\\/fr\\\/\"},{\"@type\":\"ListItem\",\"position\":2,\"name\":\"Qui nous sommes\"}]},{\"@type\":\"WebSite\",\"@id\":\"https:\\\/\\\/tanchiasso.ch\\\/fr\\\/#website\",\"url\":\"https:\\\/\\\/tanchiasso.ch\\\/fr\\\/\",\"name\":\"Tan SA\",\"description\":\"Arte orologiaia da oltre 40 anni\",\"publisher\":{\"@id\":\"https:\\\/\\\/tanchiasso.ch\\\/fr\\\/#organization\"},\"potentialAction\":[{\"@type\":\"SearchAction\",\"target\":{\"@type\":\"EntryPoint\",\"urlTemplate\":\"https:\\\/\\\/tanchiasso.ch\\\/fr\\\/?s={search_term_string}\"},\"query-input\":{\"@type\":\"PropertyValueSpecification\",\"valueRequired\":true,\"valueName\":\"search_term_string\"}}],\"inLanguage\":\"fr-FR\"},{\"@type\":\"Organization\",\"@id\":\"https:\\\/\\\/tanchiasso.ch\\\/fr\\\/#organization\",\"name\":\"TAN SA\",\"url\":\"https:\\\/\\\/tanchiasso.ch\\\/fr\\\/\",\"logo\":{\"@type\":\"ImageObject\",\"inLanguage\":\"fr-FR\",\"@id\":\"https:\\\/\\\/tanchiasso.ch\\\/fr\\\/#\\\/schema\\\/logo\\\/image\\\/\",\"url\":\"https:\\\/\\\/tanchiasso.ch\\\/wp-content\\\/uploads\\\/2022\\\/06\\\/TAN-SA-Logo@3x.png\",\"contentUrl\":\"https:\\\/\\\/tanchiasso.ch\\\/wp-content\\\/uploads\\\/2022\\\/06\\\/TAN-SA-Logo@3x.png\",\"width\":758,\"height\":219,\"caption\":\"TAN SA\"},\"image\":{\"@id\":\"https:\\\/\\\/tanchiasso.ch\\\/fr\\\/#\\\/schema\\\/logo\\\/image\\\/\"}}]}<\/script>\n<!-- \/ Yoast SEO plugin. -->","yoast_head_json":{"title":"Qui nous sommes | TAN SA","description":"TAN SA est une entreprise familiale fond\u00e9e en 1984, mais la famille Romualdi est active dans le secteur horloger depuis plus de 70 ans, \u00e0 partir des ann\u00e9es \u201850","robots":{"index":"index","follow":"follow","max-snippet":"max-snippet:-1","max-image-preview":"max-image-preview:large","max-video-preview":"max-video-preview:-1"},"canonical":"https:\/\/tanchiasso.ch\/fr\/qui-nous-sommes\/","og_locale":"fr_FR","og_type":"article","og_title":"Qui nous sommes | TAN SA","og_description":"TAN SA est une entreprise familiale fond\u00e9e en 1984, mais la famille Romualdi est active dans le secteur horloger depuis plus de 70 ans, \u00e0 partir des ann\u00e9es \u201850","og_url":"https:\/\/tanchiasso.ch\/fr\/qui-nous-sommes\/","og_site_name":"Tan SA","article_modified_time":"2023-01-25T09:53:28+00:00","og_image":[{"width":2560,"height":1440,"url":"https:\/\/tanchiasso.ch\/wp-content\/uploads\/2022\/05\/1-1-scaled.jpg","type":"image\/jpeg"}],"twitter_card":"summary_large_image","twitter_misc":{"Dur\u00e9e de lecture estim\u00e9e":"2 minutes"},"schema":{"@context":"https:\/\/schema.org","@graph":[{"@type":"WebPage","@id":"https:\/\/tanchiasso.ch\/fr\/qui-nous-sommes\/","url":"https:\/\/tanchiasso.ch\/fr\/qui-nous-sommes\/","name":"Qui nous sommes | TAN SA","isPartOf":{"@id":"https:\/\/tanchiasso.ch\/fr\/#website"},"primaryImageOfPage":{"@id":"https:\/\/tanchiasso.ch\/fr\/qui-nous-sommes\/#primaryimage"},"image":{"@id":"https:\/\/tanchiasso.ch\/fr\/qui-nous-sommes\/#primaryimage"},"thumbnailUrl":"https:\/\/tanchiasso.ch\/wp-content\/uploads\/2022\/05\/1-1-scaled.jpg","datePublished":"2022-05-02T15:05:37+00:00","dateModified":"2023-01-25T09:53:28+00:00","description":"TAN SA est une entreprise familiale fond\u00e9e en 1984, mais la famille Romualdi est active dans le secteur horloger depuis plus de 70 ans, \u00e0 partir des ann\u00e9es \u201850","breadcrumb":{"@id":"https:\/\/tanchiasso.ch\/fr\/qui-nous-sommes\/#breadcrumb"},"inLanguage":"fr-FR","potentialAction":[{"@type":"ReadAction","target":["https:\/\/tanchiasso.ch\/fr\/qui-nous-sommes\/"]}]},{"@type":"ImageObject","inLanguage":"fr-FR","@id":"https:\/\/tanchiasso.ch\/fr\/qui-nous-sommes\/#primaryimage","url":"https:\/\/tanchiasso.ch\/wp-content\/uploads\/2022\/05\/1-1-scaled.jpg","contentUrl":"https:\/\/tanchiasso.ch\/wp-content\/uploads\/2022\/05\/1-1-scaled.jpg","width":2560,"height":1440,"caption":"tradizionalit\u00e0 e innovazione svizzera"},{"@type":"BreadcrumbList","@id":"https:\/\/tanchiasso.ch\/fr\/qui-nous-sommes\/#breadcrumb","itemListElement":[{"@type":"ListItem","position":1,"name":"Home","item":"https:\/\/tanchiasso.ch\/fr\/"},{"@type":"ListItem","position":2,"name":"Qui nous sommes"}]},{"@type":"WebSite","@id":"https:\/\/tanchiasso.ch\/fr\/#website","url":"https:\/\/tanchiasso.ch\/fr\/","name":"Tan SA","description":"Arte orologiaia da oltre 40 anni","publisher":{"@id":"https:\/\/tanchiasso.ch\/fr\/#organization"},"potentialAction":[{"@type":"SearchAction","target":{"@type":"EntryPoint","urlTemplate":"https:\/\/tanchiasso.ch\/fr\/?s={search_term_string}"},"query-input":{"@type":"PropertyValueSpecification","valueRequired":true,"valueName":"search_term_string"}}],"inLanguage":"fr-FR"},{"@type":"Organization","@id":"https:\/\/tanchiasso.ch\/fr\/#organization","name":"TAN SA","url":"https:\/\/tanchiasso.ch\/fr\/","logo":{"@type":"ImageObject","inLanguage":"fr-FR","@id":"https:\/\/tanchiasso.ch\/fr\/#\/schema\/logo\/image\/","url":"https:\/\/tanchiasso.ch\/wp-content\/uploads\/2022\/06\/TAN-SA-Logo@3x.png","contentUrl":"https:\/\/tanchiasso.ch\/wp-content\/uploads\/2022\/06\/TAN-SA-Logo@3x.png","width":758,"height":219,"caption":"TAN SA"},"image":{"@id":"https:\/\/tanchiasso.ch\/fr\/#\/schema\/logo\/image\/"}}]}},"_links":{"self":[{"href":"https:\/\/tanchiasso.ch\/fr\/wp-json\/wp\/v2\/pages\/1113","targetHints":{"allow":["GET"]}}],"collection":[{"href":"https:\/\/tanchiasso.ch\/fr\/wp-json\/wp\/v2\/pages"}],"about":[{"href":"https:\/\/tanchiasso.ch\/fr\/wp-json\/wp\/v2\/types\/page"}],"author":[{"embeddable":true,"href":"https:\/\/tanchiasso.ch\/fr\/wp-json\/wp\/v2\/users\/4"}],"replies":[{"embeddable":true,"href":"https:\/\/tanchiasso.ch\/fr\/wp-json\/wp\/v2\/comments?post=1113"}],"version-history":[{"count":3,"href":"https:\/\/tanchiasso.ch\/fr\/wp-json\/wp\/v2\/pages\/1113\/revisions"}],"predecessor-version":[{"id":1116,"href":"https:\/\/tanchiasso.ch\/fr\/wp-json\/wp\/v2\/pages\/1113\/revisions\/1116"}],"wp:featuredmedia":[{"embeddable":true,"href":"https:\/\/tanchiasso.ch\/fr\/wp-json\/wp\/v2\/media\/421"}],"wp:attachment":[{"href":"https:\/\/tanchiasso.ch\/fr\/wp-json\/wp\/v2\/media?parent=1113"}],"curies":[{"name":"wp","href":"https:\/\/api.w.org\/{rel}","templated":true}]}}